{"id":730,"date":"2021-06-30T11:34:15","date_gmt":"2021-06-30T09:34:15","guid":{"rendered":"https:\/\/showcase2.better-hotel.com\/?page_id=730"},"modified":"2021-07-07T15:52:07","modified_gmt":"2021-07-07T13:52:07","slug":"gdpr","status":"publish","type":"page","link":"https:\/\/hotellibero.cz\/it\/gdpr\/","title":{"rendered":"GDPR"},"content":{"rendered":"<h4><strong>Hotel Libero***<br \/>\nPlze\u0148sk\u00e1 577\/25, Praha 5<br \/>\nI\u010cO: 098 284 01<br \/>\n<\/strong><\/h4>\n<h2><strong><br \/>\nGDPR \u2013 Hotel Libero***<\/strong><\/h2>\n<p>Informace o rozsahu a \u00fa\u010delu zpracov\u00e1n\u00ed osobn\u00edch \u00fadaj\u016f a pr\u00e1vech subjekt\u016f \u00fadaj\u016f<\/p>\n<p>\u2022 Za \u00fa\u010delem spln\u011bn\u00ed sv\u00fdch povinnost\u00ed vypl\u00fdvaj\u00edc\u00edch spole\u010dnosti Nana Group s.r.o. ze z\u00e1kona \u010d. 101\/2000<br \/>\nSb., o ochran\u011b osobn\u00edch \u00fadaj\u016f, si V\u00e1s tato, jako spr\u00e1vce zpracov\u00e1vaj\u00edc\u00ed Va\u0161e osobn\u00ed \u00fadaje, dovoluje<br \/>\ninformovat o podrobnostech jejich zpracov\u00e1n\u00ed a Va\u0161ich pr\u00e1vech souvisej\u00edc\u00edch s jejich zpracov\u00e1n\u00edm.<br \/>\nSpole\u010dnost Nana Group s s.r.o. zpracov\u00e1v\u00e1 Va\u0161e osobn\u00ed \u00fadaje pouze za \u00fa\u010delem realizace objedn\u00e1vek,<br \/>\nrezervac\u00ed, uzav\u00edr\u00e1n\u00ed a pln\u011bn\u00ed smluv t\u00fdkaj\u00edc\u00edch se j\u00ed nab\u00edzen\u00fdch a poskytovan\u00fdch slu\u017eeb, a d\u00e1le v<br \/>\np\u0159\u00edpadech j\u00ed z\u00e1konem ulo\u017een\u00fdch, a to zejm\u00e9na z\u00e1konem o m\u00edstn\u00edch poplatc\u00edch, za \u00fa\u010delem v\u00fdb\u011bru<br \/>\npoplatku za l\u00e1ze\u0148sk\u00fd nebo rekrea\u010dn\u00ed pobyt, anebo poplatku z ubytovac\u00ed kapacity, a z\u00e1konem o pobytu<br \/>\ncizinc\u016f, kdy je poskytnut\u00ed osobn\u00edch \u00fadaj\u016f povinn\u00e9.<\/p>\n<p><strong>\u2022 Ve v\u00fd\u0161e uveden\u00fdch p\u0159\u00edpadech je spole\u010dnost Nana Group s.r.o. v souladu s ustanoven\u00edm \u00a7 5 odst. 2<\/strong><br \/>\n<strong>p\u00edsm. a), b) a e) z\u00e1kona \u010d. 101\/2000 Sb., o ochran\u011b osobn\u00edch \u00fadaj\u016f, opr\u00e1vn\u011bna zpracov\u00e1vat Va\u0161e<\/strong><br \/>\n<strong>osobn\u00ed \u00fadaje i bez Va\u0161eho souhlasu.<\/strong><\/p>\n<p>\u2022 Osobn\u00ed \u00fadaje jsou zpracov\u00e1v\u00e1ny pouze v z\u00e1konem vy\u017eadovan\u00e9m rozsahu nebo v rozsahu nezbytn\u011b<br \/>\nnutn\u00e9m, zahrnuj\u00ed z\u00e1kladn\u00ed kontaktn\u00ed \u00fadaje a identifika\u010dn\u00ed \u00fadaje fyzick\u00e9 osoby. Osobn\u00ed \u00fadaje zpracov\u00e1v\u00e1<br \/>\nspole\u010dnost Nana Group s.r.o. jako spr\u00e1vce, p\u0159\u00edpadn\u011b jej\u00ed smluvn\u00ed zpracovatel\u00e9, automatizovan\u011b nebo<br \/>\njin\u00fdmi prost\u0159edky. Jak\u00e9koli osoby, kter\u00e9 p\u0159ijdou do styku s osobn\u00edmi \u00fadaji, jsou povinny zachov\u00e1vat<br \/>\nml\u010denlivost o poskytnut\u00fdch osobn\u00edch \u00fadaj\u00edch i o bezpe\u010dnostn\u00edch opat\u0159en\u00edch k jejich ochran\u011b. Jejich<br \/>\npovinnost trv\u00e1 i v p\u0159\u00edpad\u011b ukon\u010den\u00ed jejich pr\u00e1vn\u00edho vztahu se spole\u010dnost\u00ed Nana Group s.r.o., pop\u0159\u00edpad\u011b<br \/>\njej\u00edm smluvn\u00edm zpracovatelem.<\/p>\n<p><strong>\u2022 V souvislosti se zpracov\u00e1n\u00edm Va\u0161ich osobn\u00edch \u00fadaj\u016f si V\u00e1s Nana Group s.r.o. d\u00e1le dovoluje<\/strong><br \/>\n<strong>upozornit na Va\u0161e pr\u00e1va souvisej\u00edc\u00edmi se zpracov\u00e1n\u00edm, a sice:<\/strong><\/p>\n<p>o pr\u00e1vo na p\u0159\u00edstup k osobn\u00edm \u00fadaj\u016fm;<\/p>\n<p>o pr\u00e1vo na opravu osobn\u00edch \u00fadaj\u016f;<\/p>\n<p>o pr\u00e1vo \u017e\u00e1dat o vysv\u011btlen\u00ed a odstran\u011bn\u00ed vznikl\u00e9ho stavu v p\u0159\u00edpad\u011b, \u017ee doch\u00e1z\u00ed ke zpracov\u00e1n\u00ed osobn\u00edch<br \/>\n\u00fadaj\u016f v rozporu se z\u00e1konem;<\/p>\n<p>o pr\u00e1vo uplat\u0148ovat n\u00e1hradu \u0161kody nebo nemajetkov\u00e9 \u00fajmy, pokud dojde k jejich vzniku v d\u016fsledku<br \/>\nzpracov\u00e1n\u00ed osobn\u00edch \u00fadaj\u016f<\/p>\n<h4>\n<p>Hotel Libero***<br \/>\nPlze\u0148sk\u00e1 577\/25, Praha 5<br \/>\nI\u010cO: 098 284 01<\/h4>\n<h2><strong>GDPR \u2013 Hotel Libero***<\/strong><\/h2>\n<p>Information about the scope and purpose of data processing and the rights of the subject<\/p>\n<p>\u2022 In order for Nana Group s.r.o. to fulfil their obligations arising from Act No. 101\/2000 Coll., on<br \/>\npersonal data protection, we hereby inform you, as the administrator of your personal data processing,<br \/>\nabout the details of its treatment and your rights related to its treatment.<br \/>\nNana Group s.r.o. processes your personal data only for the purpose of orders, reservations, and<br \/>\nadministering contracts relating to offered and provided services, and also where imposed by law,<br \/>\nnamely the law on Local Fees for the purpose of fees for spa or recreational stays or charges for<br \/>\naccommodation, and the law on foreigners, where the provision of personal data is obligatory.<\/p>\n<p>\u2022 In the above cases, Nana Group s.r.o., in accordance with the provisions of \u00a7 5 para. 2 point a), b),<br \/>\nand e) of Act No. 101\/2000 Coll., on the protection of personal data, may process your personal data<br \/>\neven without your consent.<\/p>\n<p>\u2022 Personal data is processed only in the extent required by law, or to the extent strictly necessary,<br \/>\nincluding basic contact information and the identification data of individuals. Personal data processed<br \/>\nby Nana Group s.r.o. as an administrator, or its contractual processors, may be automatic or other<br \/>\nmeans. Any persons who come into contact with personal data are obliged to maintain confidentiality<br \/>\nof the personal data and security measures to protect it. Their obligation continues even in the event<br \/>\nof termination of their legal relationship with Nana Group s.r.o., or its contractual processor.<\/p>\n<p>\u2022 In relation to the processing of your personal data by Nana Group s.r.o., we would also like to<br \/>\nhighlight your rights related to the processing of your personal data, namely:<\/p>\n<p>the right of access to personal data;<\/p>\n<p>the right to correct personal data;<\/p>\n<p>the right to ask for an explanation and to rectify a situation if it occursprocessing of personal data in<br \/>\nviolation of the law;<\/p>\n<p>the right to claim compensation or non-material damage if it arises due to the processing of personal<br \/>\ndata<\/p>","protected":false},"excerpt":{"rendered":"<p>Hotel Libero*** Plze\u0148sk\u00e1 577\/25, Praha 5 I\u010cO: 098 284 01 GDPR \u2013 Hotel Libero*** Informace o rozsahu a \u00fa\u010delu zpracov\u00e1n\u00ed osobn\u00edch \u00fadaj\u016f a pr\u00e1vech subjekt\u016f \u00fadaj\u016f \u2022 Za \u00fa\u010delem spln\u011bn\u00ed sv\u00fdch povinnost\u00ed vypl\u00fdvaj\u00edc\u00edch spole\u010dnosti Nana Group s.r.o. ze z\u00e1kona \u010d. 101\/2000 Sb., o ochran\u011b osobn\u00edch \u00fadaj\u016f, si V\u00e1s tato, jako spr\u00e1vce zpracov\u00e1vaj\u00edc\u00ed Va\u0161e osobn\u00ed \u00fadaje, [&hellip;]<\/p>","protected":false},"author":10,"featured_media":0,"parent":0,"menu_order":0,"comment_status":"closed","ping_status":"closed","template":"","meta":{"footnotes":""},"aioseo_notices":[],"_links":{"self":[{"href":"https:\/\/hotellibero.cz\/it\/wp-json\/wp\/v2\/pages\/730"}],"collection":[{"href":"https:\/\/hotellibero.cz\/it\/wp-json\/wp\/v2\/pages"}],"about":[{"href":"https:\/\/hotellibero.cz\/it\/wp-json\/wp\/v2\/types\/page"}],"author":[{"embeddable":true,"href":"https:\/\/hotellibero.cz\/it\/wp-json\/wp\/v2\/users\/10"}],"replies":[{"embeddable":true,"href":"https:\/\/hotellibero.cz\/it\/wp-json\/wp\/v2\/comments?post=730"}],"version-history":[{"count":3,"href":"https:\/\/hotellibero.cz\/it\/wp-json\/wp\/v2\/pages\/730\/revisions"}],"predecessor-version":[{"id":746,"href":"https:\/\/hotellibero.cz\/it\/wp-json\/wp\/v2\/pages\/730\/revisions\/746"}],"wp:attachment":[{"href":"https:\/\/hotellibero.cz\/it\/wp-json\/wp\/v2\/media?parent=730"}],"curies":[{"name":"wp","href":"https:\/\/api.w.org\/{rel}","templated":true}]}}