{"id":871,"date":"2025-03-25T23:08:27","date_gmt":"2025-03-25T22:08:27","guid":{"rendered":"https:\/\/hotellibero.cz\/?page_id=871"},"modified":"2025-03-25T23:09:57","modified_gmt":"2025-03-25T22:09:57","slug":"fkps","status":"publish","type":"page","link":"https:\/\/hotellibero.cz\/it\/fkps\/","title":{"rendered":"FKPS"},"content":{"rendered":"<div data-elementor-type=\"wp-page\" data-elementor-id=\"871\" class=\"elementor elementor-871\" data-elementor-settings=\"[]\">\n\t\t\t\t\t\t<div class=\"elementor-inner\">\n\t\t\t\t\t\t\t<div class=\"elementor-section-wrap\">\n\t\t\t\t\t\t\t<section class=\"elementor-section elementor-top-section elementor-element elementor-element-de2f044 elementor-section-boxed elementor-section-height-default elementor-section-height-default\" data-id=\"de2f044\" data-element_type=\"section\">\n\t\t\t\t\t\t<div class=\"elementor-container elementor-column-gap-default\">\n\t\t\t\t\t\t\t<div class=\"elementor-row\">\n\t\t\t\t\t<div class=\"elementor-column elementor-col-100 elementor-top-column elementor-element elementor-element-4f113b5\" data-id=\"4f113b5\" data-element_type=\"column\">\n\t\t\t<div class=\"elementor-column-wrap elementor-element-populated\">\n\t\t\t\t\t\t\t<div class=\"elementor-widget-wrap\">\n\t\t\t\t\t\t<section class=\"elementor-section elementor-inner-section elementor-element elementor-element-cbc8f6b elementor-section-boxed elementor-section-height-default elementor-section-height-default\" data-id=\"cbc8f6b\" data-element_type=\"section\">\n\t\t\t\t\t\t<div class=\"elementor-container elementor-column-gap-default\">\n\t\t\t\t\t\t\t<div class=\"elementor-row\">\n\t\t\t\t\t<div class=\"elementor-column elementor-col-100 elementor-inner-column elementor-element elementor-element-f02dc8e\" data-id=\"f02dc8e\" data-element_type=\"column\">\n\t\t\t<div class=\"elementor-column-wrap elementor-element-populated\">\n\t\t\t\t\t\t\t<div class=\"elementor-widget-wrap\">\n\t\t\t\t\t\t<div class=\"elementor-element elementor-element-18b55bf elementor-widget elementor-widget-text-editor\" data-id=\"18b55bf\" data-element_type=\"widget\" data-widget_type=\"text-editor.default\">\n\t\t\t\t<div class=\"elementor-widget-container\">\n\t\t\t\t\t<div class=\"elementor-text-editor elementor-clearfix\"><h5>Fond kulturn\u00edch a soci\u00e1ln\u00edch pot\u0159eb (FKSP) mohou vyu\u017e\u00edt p\u0159edev\u0161\u00edm\u00a0<b>zam\u011bstnanci<\/b>\u00a0organizace, kte\u0159\u00ed do fondu p\u0159isp\u00edvaj\u00ed. Vyu\u017eit\u00ed fondu je ur\u010deno pro zam\u011bstnance, kte\u0159\u00ed jsou v pracovn\u00edm pom\u011bru, a to bez ohledu na to, zda se jedn\u00e1 o zam\u011bstn\u00e1n\u00ed na pln\u00fd \u00favazek nebo zkr\u00e1cen\u00fd \u00favazek. N\u011bkter\u00e9 organizace mohou umo\u017enit \u010derp\u00e1n\u00ed fondu i pro d\u016fchodce nebo jin\u00e9 osoby, kter\u00e9 byly d\u0159\u00edve zam\u011bstnanci firmy.<\/h5><p class=\"pd-MsoNormal\"><b>Objevte nov\u00e9 mo\u017enosti pro rekreaci s Fondem kulturn\u00edch a soci\u00e1ln\u00edch pot\u0159eb!<\/b><\/p><p class=\"pd-MsoNormal\"><b>Chcete si u\u017e\u00edt nezapomenuteln\u00e9 chv\u00edle?<\/b><\/p><p class=\"pd-MsoNormal\">Vyu\u017eijte FKPS a objevte \u0161irokou \u0161k\u00e1lu aktivit pro dokonal\u00fd odpo\u010dinek a regeneraci. Rekreace je kl\u00ed\u010dem k rovnov\u00e1ze mezi pracovn\u00edm a osobn\u00edm \u017eivotem!<\/p><p class=\"pd-MsoNormal\"><b>Pro\u010d investovat do rekreace?<\/b><\/p><ul type=\"disc\"><li class=\"pd-MsoNormal\">Zlep\u0161en\u00ed fyzick\u00e9 a psychick\u00e9 pohody<\/li><li class=\"pd-MsoNormal\">Pos\u00edlen\u00ed t\u00fdmov\u00e9 spolupr\u00e1ce a motivace<\/li><li class=\"pd-MsoNormal\">Mo\u017enost relaxace a na\u010derp\u00e1n\u00ed nov\u00fdch sil<\/li><\/ul><p class=\"pd-MsoNormal\"><br \/>Pro v\u00edce informac\u00ed n\u00e1s nev\u00e1hejte kontaktovat prost\u0159ednictv\u00edm emailu: info@hotellibero.cz<\/p><\/div>\n\t\t\t\t<\/div>\n\t\t\t\t<\/div>\n\t\t\t\t\t\t<\/div>\n\t\t\t\t\t<\/div>\n\t\t<\/div>\n\t\t\t\t\t\t\t\t<\/div>\n\t\t\t\t\t<\/div>\n\t\t<\/section>\n\t\t\t\t\t\t<\/div>\n\t\t\t\t\t<\/div>\n\t\t<\/div>\n\t\t\t\t\t\t\t\t<\/div>\n\t\t\t\t\t<\/div>\n\t\t<\/section>\n\t\t\t\t\t\t<\/div>\n\t\t\t\t\t\t<\/div>\n\t\t\t\t\t<\/div>","protected":false},"excerpt":{"rendered":"<p>Fond kulturn\u00edch a soci\u00e1ln\u00edch pot\u0159eb (FKSP) mohou vyu\u017e\u00edt p\u0159edev\u0161\u00edm\u00a0zam\u011bstnanci\u00a0organizace, kte\u0159\u00ed do fondu p\u0159isp\u00edvaj\u00ed. Vyu\u017eit\u00ed fondu je ur\u010deno pro zam\u011bstnance, kte\u0159\u00ed jsou v pracovn\u00edm pom\u011bru, a to bez ohledu na to, zda se jedn\u00e1 o zam\u011bstn\u00e1n\u00ed na pln\u00fd \u00favazek nebo zkr\u00e1cen\u00fd \u00favazek. N\u011bkter\u00e9 organizace mohou umo\u017enit \u010derp\u00e1n\u00ed fondu i pro d\u016fchodce nebo jin\u00e9 osoby, kter\u00e9 byly [&hellip;]<\/p>","protected":false},"author":1,"featured_media":0,"parent":0,"menu_order":0,"comment_status":"closed","ping_status":"closed","template":"elementor_header_footer","meta":{"footnotes":""},"aioseo_notices":[],"_links":{"self":[{"href":"https:\/\/hotellibero.cz\/it\/wp-json\/wp\/v2\/pages\/871"}],"collection":[{"href":"https:\/\/hotellibero.cz\/it\/wp-json\/wp\/v2\/pages"}],"about":[{"href":"https:\/\/hotellibero.cz\/it\/wp-json\/wp\/v2\/types\/page"}],"author":[{"embeddable":true,"href":"https:\/\/hotellibero.cz\/it\/wp-json\/wp\/v2\/users\/1"}],"replies":[{"embeddable":true,"href":"https:\/\/hotellibero.cz\/it\/wp-json\/wp\/v2\/comments?post=871"}],"version-history":[{"count":4,"href":"https:\/\/hotellibero.cz\/it\/wp-json\/wp\/v2\/pages\/871\/revisions"}],"predecessor-version":[{"id":875,"href":"https:\/\/hotellibero.cz\/it\/wp-json\/wp\/v2\/pages\/871\/revisions\/875"}],"wp:attachment":[{"href":"https:\/\/hotellibero.cz\/it\/wp-json\/wp\/v2\/media?parent=871"}],"curies":[{"name":"wp","href":"https:\/\/api.w.org\/{rel}","templated":true}]}}