{"id":728,"date":"2021-06-30T11:30:10","date_gmt":"2021-06-30T09:30:10","guid":{"rendered":"https:\/\/showcase2.better-hotel.com\/?page_id=728"},"modified":"2025-02-18T09:40:57","modified_gmt":"2025-02-18T08:40:57","slug":"vseobecne-obchodni-podminky","status":"publish","type":"page","link":"https:\/\/hotellibero.cz\/uk\/vseobecne-obchodni-podminky\/","title":{"rendered":"\u0417\u0430\u0433\u0430\u043b\u044c\u043d\u0456 \u0443\u043c\u043e\u0432\u0438 \u0432\u0435\u0434\u0435\u043d\u043d\u044f \u0431\u0456\u0437\u043d\u0435\u0441\u0443"},"content":{"rendered":"<p><strong>NanaGroup s.r.o.<\/strong><br \/>\nPlze\u0148sk\u00e1 577\/25<br \/>\n150 00, Praha 5 \u2013 Sm\u00edchov<br \/>\nI\u010c: 09828401, DI\u010c: CZ09828401<\/p>\n<h2 style=\"text-align: left;\"><strong>V\u0160EOBECN\u00c9 OBCHODN\u00cd PODM\u00cdNKY<\/strong><\/h2>\n<p style=\"text-align: left;\">V\u0161eobecn\u00e9 smluvn\u00ed podm\u00ednky (d\u00e1le jen VOP) upravuj\u00ed vz\u00e1jemn\u00fd smluvn\u00ed vztah mezi<br \/>\nHotelem Libero***, kter\u00fd je provozov\u00e1n spole\u010dnost\u00ed Nana Group s.r.o. (d\u00e1le jen<br \/>\nposkytovatel nebo spole\u010dnost) a klientem &#8211; fyzickou nebo pr\u00e1vnickou osobou, kter\u00e1<br \/>\nubytov\u00e1n\u00ed v Hotelu jako objednatel objedn\u00e1v\u00e1 (d\u00e1le jen objednatel).<\/p>\n<p style=\"text-align: left;\" class=\" translation-block\">V p\u0159\u00edpad\u011b rozporu ustanoven\u00ed smluv v\u010detn\u011b standardizovan\u00fdch smluv spole\u010dnosti<br> a ustanoven\u00ed VOP maj\u00ed ustanoven\u00ed t\u011bchto smluv p\u0159ednost p\u0159ed ustanoven\u00edmi VOP.<\/p>\n<p style=\"text-align: left;\" class=\" translation-block\">VOP se st\u00e1vaj\u00ed sou\u010d\u00e1st\u00ed p\u0159edsmluvn\u00edch ujedn\u00e1n\u00ed okam\u017eikem zah\u00e1jen\u00ed t\u011bchto jedn\u00e1n\u00ed<br> mezi poskytovatelem a objednatelem a sou\u010d\u00e1st\u00ed smluv okam\u017eikem jejich uzav\u0159en\u00ed.<\/p>\n<p style=\"text-align: left;\"><strong>\u010cl\u00e1nek I.<\/strong><br \/>\nP\u0159edsmluvn\u00ed ujedn\u00e1n\u00ed<\/p>\n<p style=\"text-align: left;\" class=\" translation-block\">1. P\u0159edsmluvn\u00ed ujedn\u00e1n\u00ed zahrnuj\u00ed objedn\u00e1n\u00ed slu\u017eeb, sjedn\u00e1v\u00e1n\u00ed jejich podm\u00ednek<br> a potvrzen\u00ed kone\u010dn\u00e9 objedn\u00e1vky ze strany poskytovatele.<\/p>\n<p class=\" translation-block\">2. Objedn\u00e1vky slu\u017eeb musej\u00ed b\u00fdt \u010din\u011bny v p\u00edsemn\u00e9 form\u011b a mus\u00ed z nich b\u00fdt z\u0159ejm\u00e9,<br> kdo je \u010din\u00ed a co je jejich p\u0159edm\u011btem (druh slu\u017eeb, term\u00edny, ceny apod.). Objedn\u00e1vky<br> musej\u00ed b\u00fdt zasl\u00e1ny p\u0159\u00edslu\u0161n\u00e9mu odd\u011blen\u00ed spole\u010dnosti, tj. Obchodn\u00edmu<br> a rezerva\u010dn\u00edmu odd\u011blen\u00ed, p\u0159\u00edp. \u0159editeli provozovny.<\/p>\n<p class=\" translation-block\">3. Podpisem objedn\u00e1vky, p\u0159\u00edp. potvrzen\u00edm emailu, vyjad\u0159uje poskytovatel<br> souhlas s poskytnut\u00edm objednan\u00fdch slu\u017eeb ve sjednan\u00e9m rozsahu a t\u00edmto okam\u017eikem<br> je smlouva uzav\u0159ena.<\/p>\n<p class=\" translation-block\">4. Budou-li objednatelem, p\u0159\u00edp. j\u00edm ur\u010denou osobou\/zastupuj\u00edc\u00ed osobou,<br> objedn\u00e1ny dodate\u010dn\u011b dal\u0161\u00ed slu\u017eby, jsou poskytovatel i objednatel povinni postupovat<br> v souladu s t\u00edmto \u010dl\u00e1nkem. Poskytovatel se zavazuje u\u010dinit maxim\u00e1ln\u00ed \u00fasil\u00ed pro<br> poskytnut\u00ed dodate\u010dn\u011b po\u017eadovan\u00fdch slu\u017eeb, av\u0161ak jejich poskytnut\u00ed negarantuje.<\/p>\n<p class=\" translation-block\"><strong>\u010cl\u00e1nek II.<\/strong><br> Povinnosti smluvn\u00edch stran<\/p>\n<p class=\" translation-block\">1. Uzav\u0159en\u00edm smlouvy vznik\u00e1 poskytovateli povinnost poskytnout objednateli<br> slu\u017eby ve smlouv\u011b stanoven\u00e9 a objednateli povinnost tyto slu\u017eby odebrat a uhradit<br> spole\u010dnosti za jejich poskytnut\u00ed sjednanou cenu.<\/p>\n<p><strong>\u010cl\u00e1nek III.<\/strong><br \/>\nN\u00e1stup ubytov\u00e1n\u00ed<\/p>\n<p class=\" translation-block\">1. P\u0159i n\u00e1stupu ubytov\u00e1n\u00ed se ka\u017ed\u00fd host v recepci hotelu prok\u00e1\u017ee ob\u010dansk\u00fdm<br> pr\u016fkazem \u010di jin\u00fdm dokladem toto\u017enosti. Po spln\u011bn\u00ed uveden\u00fdch z\u00e1konn\u00fdch povinnost\u00ed<br> v\u010detn\u011b vypln\u011bn\u00ed registra\u010dn\u00ed karty (z\u00e1znam pro cizineckou policii) recepce hosta<br> ubytuje a poskytne mu dal\u0161\u00ed informace k ubytov\u00e1n\u00ed.<\/p>\n<p>2. Ned\u00edlnou sou\u010d\u00e1st\u00ed t\u011bchto v\u0161eobecn\u00fdch obchodn\u00edch podm\u00ednek je Ubytovac\u00ed \u0159\u00e1d.<\/p>\n<p><strong>\u010cl\u00e1nek IV.<\/strong><br \/>\nPlatebn\u00ed podm\u00ednky<\/p>\n<p class=\" translation-block\">1. Po\u017eaduje-li poskytovatel z\u00e1lohu na objednan\u00e9 slu\u017eby, je objednatel povinen<br> tuto z\u00e1lohu spole\u010dnosti \u0159\u00e1dn\u011b uhradit, tzn. ve v\u00fd\u0161i a term\u00ednu splatnosti ve smlouv\u011b<br> uveden\u00e9m; \u00fahradou z\u00e1lohy se rozum\u00ed p\u0159ips\u00e1n\u00ed p\u0159\u00edslu\u0161n\u00e9 \u010d\u00e1stky na bankovn\u00ed \u00fa\u010det<br> poskytovatele, nen\u00ed-li dohodnuto jinak. Nebude-li z\u00e1loha objednatelem \u0159\u00e1dn\u011b<br> uhrazena, vyhrazuje si poskytovatel pr\u00e1vo zru\u0161it sjednanou rezervaci a po\u017eadovat po<br> objednateli odpov\u00eddaj\u00edc\u00ed storno poplatky dle \u010dl\u00e1nku V t\u011bchto VOP.<\/p>\n<p class=\" translation-block\">2. Objednatel je povinen za ubytov\u00e1n\u00ed uhradit sjednanou cenu. Objednatel se<br> zavazuje uhradit da\u0148ov\u00fd doklad (fakturu) v hotovosti p\u0159i ukon\u010den\u00ed ubytov\u00e1n\u00ed nebo ve<br> lh\u016ft\u011b splatnosti<br> v n\u011bm uveden\u00e9m; nen\u00ed-li sjedn\u00e1no jinak, \u010din\u00ed lh\u016fta splatnosti 14 dn\u016f ode dne jeho<br> vystaven\u00ed. Jak\u00e9koliv nesrovnalosti da\u0148ov\u00e9ho dokladu (faktury) mus\u00ed b\u00fdt objednatelem<br> reklamov\u00e1ny v p\u00edsemn\u00e9 form\u011b, a to do 5-ti kalend\u00e1\u0159n\u00edch dn\u016f od data jeho obdr\u017een\u00ed. V<br> p\u0159\u00edpad\u011b, \u017ee je ze strany poskytovatele uzn\u00e1na reklamace da\u0148ov\u00e9ho dokladu (faktury)<br> za opr\u00e1vn\u011bnou, je splatnost p\u0159edm\u011btn\u00e9ho da\u0148ov\u00e9ho dokladu (faktury) odlo\u017eena a<br> \u010d\u00e1stka uveden\u00e1 v reklamovan\u00e9m da\u0148ov\u00e9m dokladu (faktu\u0159e) bude splatn\u00e1 ve lh\u016ft\u011b<br> splatnosti uveden\u00e9 v nov\u011b vystaven\u00e9m da\u0148ov\u00e9m dokladu (faktu\u0159e). Reklamovan\u00fd<br> da\u0148ov\u00fd doklad (faktura), u kter\u00e9ho poskytovatel shled\u00e1 reklamaci za neopr\u00e1vn\u011bnou,<br> je p\u0159edm\u011btn\u00e1 \u010d\u00e1stka splatn\u00e1 v term\u00ednu splatnosti uveden\u00e9m na reklamovan\u00e9m<br> da\u0148ov\u00e9m dokladu (faktu\u0159e).<\/p>\n<p class=\" translation-block\">3. Platba je pova\u017eov\u00e1na za uhrazenou v okam\u017eiku, kdy je p\u0159ips\u00e1na na bankovn\u00ed<br> \u00fa\u010det poskytovatele uveden\u00fd na da\u0148ov\u00e9m dokladu (faktu\u0159e), nen\u00ed-li dohodnuto jinak.<\/p>\n<p class=\" translation-block\">4. V p\u0159\u00edpad\u011b prodlen\u00ed objednatele s \u00fahradou platby za poskytnut\u00e9 slu\u017eby, m\u00e1<br> poskytovatel pr\u00e1vo po\u017eadovat po objednateli vedle zaplacen\u00ed dlu\u017en\u00e9 \u010d\u00e1stky tak\u00e9 \u00farok<br> z prodlen\u00ed ve v\u00fd\u0161i 0,5% z dlu\u017en\u00e9 \u010d\u00e1stky za ka\u017ed\u00fd zapo\u010dat\u00fd den prodlen\u00ed po\u010d\u00ednaje prvn\u00edm<br> dnem n\u00e1sleduj\u00edc\u00edm po dni splatnosti da\u0148ov\u00e9ho dokladu (faktury) do jeho zaplacen\u00ed.<\/p>\n<p class=\" translation-block\">5. Poskytovatel si vyhrazuje pr\u00e1vo pou\u017e\u00edt kteroukoliv platbu objednatele<br> k uhrazen\u00ed jeho nejstar\u0161\u00ed pohled\u00e1vky\/ nejstar\u0161\u00edch pohled\u00e1vek, kterou\/ kter\u00e9 m\u00e1 v\u016f\u010di<br> objednateli po lh\u016ft\u011b splatnosti. Poskytovatel je opr\u00e1vn\u011bn pou\u017e\u00edt blokovan\u00e9 finan\u010dn\u00ed<br> prost\u0159edky k \u00fahrad\u011b v\u0161ech neuhrazen\u00fdch \u010d\u00e1stek vznikl\u00fdch b\u011bhem pobytu i po odjezdu<br> hosta (nap\u0159. n\u00e1poje z minibaru, konzumaci v restauraci, kav\u00e1rn\u011b, poru\u0161en\u00ed z\u00e1kazu<br> kou\u0159en\u00ed,\u2026atd)<\/p>\n<p><strong>\u010cl\u00e1nek V.<\/strong><br \/>\nStorno podm\u00ednky<\/p>\n<p>1. Stornem se v\u017edy rozum\u00ed zru\u0161en\u00ed, odklad nebo \u00fapravy potvrzen\u00e9 objedn\u00e1vky.<\/p>\n<p class=\" translation-block\">2. Storno je objednatel povinen uplatnit v p\u00edsemn\u00e9 form\u011b u osoby, se kterou byly<br> sjedn\u00e1v\u00e1ny podm\u00ednky smlouvy a nen\u00ed-li j\u00ed, u \u0159editele provozovny.<\/p>\n<p class=\" translation-block\">3. Stornuje-li objednatel objednan\u00e9 a potvrzen\u00e9 slu\u017eby, je povinen zaplatit<br> poskytovateli storno poplatky podle cenov\u00fdch podm\u00ednek dan\u00e9 rezervace; storno<br> poplatky budou vypo\u010d\u00edt\u00e1v\u00e1ny z ceny za stornovan\u00e9 slu\u017eby v\u010d. DPH, a to n\u00e1sledovn\u011b:<\/p>\n<p class=\" translation-block\">U individu\u00e1ln\u00edch rezervac\u00ed<br> Do 7 dn\u016f p\u0159ed o\u010dek\u00e1van\u00fdm n\u00e1stupem ubytov\u00e1n\u00ed zdarma<br> 6-5 dny p\u0159ed o\u010dek\u00e1van\u00fdm n\u00e1stupem ubytov\u00e1n\u00ed 100% ceny prvn\u00ed noci<br> 5-4 dn\u016f p\u0159ed o\u010dek\u00e1van\u00fdm n\u00e1stupem ubytov\u00e1n\u00ed nebo v p\u0159\u00edpad\u011b nedojezdu 100%<br> celkov\u00e9 ceny ubytov\u00e1n\u00ed<\/p>\n<p>NON REFUNDABLE REZERVACE- 100%<\/p>\n<p class=\" translation-block\">U Skupinov\u00fdch rezervac\u00ed (3 a v\u00edce pokoj\u016f)<br> Storno poplatky ve v\u00fd\u0161i 75% celkov\u00e9 ceny objednan\u00e9ho ubytov\u00e1n\u00ed a slu\u017eeb uhrad\u00ed<br> objednatel v p\u0159\u00edpad\u011b, \u017ee provede storno objedn\u00e1vky ve lh\u016ft\u011b od 29 do 19 dn\u016f p\u0159ed<br> term\u00ednem n\u00e1stupu ubytov\u00e1n\u00ed skupiny<\/p>\n<p class=\" translation-block\">Storno poplatky ve v\u00fd\u0161i 100% celkov\u00e9 ceny objednan\u00e9ho ubytov\u00e1n\u00ed a slu\u017eeb uhrad\u00ed<br> objednatel v p\u0159\u00edpad\u011b, \u017ee provede storno objedn\u00e1vky ve lh\u016ft\u011b 18 dn\u016f a m\u00e9n\u011b p\u0159ed<br> n\u00e1stupem ubytov\u00e1n\u00ed skupiny a tak\u00e9 v p\u0159\u00edpad\u011b nedojezdu skupiny.<\/p>\n<p class=\" translation-block\">4. Cenou pokoje se pro \u00fa\u010dely t\u011bchto VOP rozum\u00ed cena za ubytov\u00e1n\u00ed a bufetovou<br> sn\u00eddani, magistr\u00e1tn\u00ed poplatek a DPH v z\u00e1konn\u00e9 v\u00fd\u0161i.<\/p>\n<p class=\" translation-block\">5. Storno poplatek bude objednateli vy\u00fa\u010dtov\u00e1n da\u0148ov\u00fdm dokladem (fakturou) s<br> 10-ti denn\u00ed splatnost\u00ed. Nebude-li storno poplatek \u0159\u00e1dn\u011b uhrazen, je objednatel<br> povinen zaplatit poskytovateli vedle \u010d\u00e1stky odpov\u00eddaj\u00edc\u00ed storno poplatku t\u00e9\u017e \u00farok<br> z prodlen\u00ed ve v\u00fd\u0161i 0,5% z dlu\u017en\u00e9 \u010d\u00e1stky za ka\u017ed\u00fd zapo\u010dat\u00fd den prodlen\u00ed po\u010d\u00ednaje prvn\u00edm<br> dnem n\u00e1sleduj\u00edc\u00edm po dni splatnosti storno poplatku do jeho zaplacen\u00ed.<\/p>\n<p><strong>\u010cl\u00e1nek VI.<\/strong><br \/>\nReklamace slu\u017eeb<\/p>\n<p class=\" translation-block\">1. Reklamaci slu\u017eeb poskytnut\u00fdch poskytovatelem je objednatel povinen uplatnit<br> v p\u00edsemn\u00e9 form\u011b u osoby, se kterou byly sjedn\u00e1v\u00e1ny podm\u00ednky smlouvy a nen\u00ed-li j\u00ed, u<br> \u0159editele provozovny. Tato reklamace mus\u00ed b\u00fdt uplatn\u011bna bezodkladn\u011b po zji\u0161t\u011bn\u00ed<br> nedostatk\u016f slu\u017eeb, nejpozd\u011bji v\u0161ak den n\u00e1sleduj\u00edc\u00ed po posledn\u00edm dni, ve kter\u00e9m byly<br> objednateli p\u0159edm\u011btn\u00e9 slu\u017eby poskytnuty. Na pozd\u011bj\u0161\u00ed reklamace nebude br\u00e1n z\u0159etel.<\/p>\n<p style=\"text-align: left;\"><strong>\u010cl\u00e1nek VII.<\/strong><br \/>\nOdstoupen\u00ed od smlouvy<\/p>\n<p class=\" translation-block\">1. Ka\u017ed\u00e1 ze smluvn\u00edch stran je opr\u00e1vn\u011bna od smlouvy odstoupit za podm\u00ednek<br> a z d\u016fvod\u016f stanoven\u00fdch z\u00e1konem nebo smlouvou.<\/p>\n<p class=\" translation-block\">2. Poskytovatel je opr\u00e1vn\u011bn odstoupit s okam\u017eitou \u00fa\u010dinnost\u00ed od smlouvy (v cel\u00e9m<br> rozsahu nebo \u010d\u00e1ste\u010dn\u011b) v p\u0159\u00edpad\u011b, \u017ee objednatel poru\u0161\u00ed smlouvu podstatn\u00fdm<br> zp\u016fsobem, nebo opakovan\u011b poru\u0161\u00ed kteroukoliv povinnost ze smlouvy, nebo pokud<br> bude objednatel v prodlen\u00ed s \u00fahradou jak\u00e9koli dlu\u017en\u00e9 \u010d\u00e1stky o v\u00edce ne\u017e 10 dn\u016f po<br> term\u00ednu splatnosti.<\/p>\n<p><strong>\u010cl\u00e1nek VIII.<\/strong><br \/>\nJurisdikce<\/p>\n<p class=\" translation-block\">1. Ubytovan\u00fd host m\u00e1 pr\u00e1vo podat n\u00e1vrh na mimosoudn\u00ed \u0159e\u0161en\u00ed takov\u00e9ho sporu<br> ur\u010den\u00e9mu subjektu mimosoudn\u00edho \u0159e\u0161en\u00ed spot\u0159ebitelsk\u00fdch spor\u016f, kter\u00fdm je:<br> \u010cesk\u00e1 obchodn\u00ed inspekce<br> \u00dast\u0159edn\u00ed inspektor\u00e1t \u2013 odd\u011blen\u00ed ADR<br> \u0160t\u011bp\u00e1nsk\u00e1 15<br> 120 00 Praha 2<br> Email: adr@coi.cz<br> Web: https:\/\/adr.coi.cz<br> \u010cesk\u00e1 obchodn\u00ed inspekce je dozorov\u00fdm org\u00e1nem vykon\u00e1vaj\u00edc\u00edm dohled nad ochranou<br> spot\u0159ebitele, postupuj\u00edc\u00ed podle z\u00e1kona \u010d. 64\/1986 Sb., o \u010cesk\u00e9 obchodn\u00ed inspekci, ve<br> zn\u011bn\u00ed pozd\u011bj\u0161\u00edch p\u0159edpis\u016f, a dal\u0161\u00edch pr\u00e1vn\u00edch p\u0159edpis\u016f. Internetov\u00e1 str\u00e1nka \u010cesk\u00e9<br> obchodn\u00ed inspekce jewww.coi.cz.<\/p>\n<p class=\" translation-block\">2. V souladu s ustanoven\u00edm \u00a7 1837 p\u00edsmeno j) z\u00e1kona \u010d. 89\/2012 Sb., ob\u010dansk\u00fd z\u00e1kon\u00edk<br> ubytovan\u00e9mu jako spot\u0159ebiteli nevznik\u00e1 pr\u00e1vo na odstoupen\u00ed od smlouvy o ubytov\u00e1n\u00ed,<br> pokud ubytovac\u00ed za\u0159\u00edzen\u00ed poskytuje pln\u011bn\u00ed v ur\u010den\u00e9m term\u00ednu.<\/p>\n<p><strong>\u010cl\u00e1nek IX.<\/strong><br \/>\nSouhlas se zas\u00edl\u00e1n\u00edm obchodn\u00edch nab\u00eddek<\/p>\n<p class=\" translation-block\">1. Objednatel souhlas\u00ed se zas\u00edl\u00e1n\u00edm obchodn\u00edch nab\u00eddek poskytovatelem, je\u017e je<br> uskute\u010d\u0148ov\u00e1no v souladu se z\u00e1konem \u010d. 480\/2004 Sb., o n\u011bkter\u00fdch slu\u017eb\u00e1ch<br> informa\u010dn\u00ed spole\u010dnosti, . Objednatel vyslovuje souhlas se zas\u00edl\u00e1n\u00edm Obchodn\u00edch<br> sd\u011blen\u00ed na svou emailovou adresu samotn\u00fdm odesl\u00e1n\u00edm popt\u00e1vkov\u00e9ho formul\u00e1\u0159e na<br> str\u00e1nce poskytovatele. Tento souhlas m\u00e1 objednatel mo\u017enost kdykoliv zru\u0161it.<\/p>\n<p><strong>\u010cl\u00e1nek X.<\/strong><br \/>\nVy\u0161\u0161\u00ed moc<\/p>\n<p class=\" translation-block\">1. Nen\u00ed-li poskytovatel p\u0159i ve\u0161ker\u00e9m sv\u00e9m \u00fasil\u00ed schopen dost\u00e1t sjednan\u00fdm<br> podm\u00ednk\u00e1m v d\u016fsledku z\u00e1sahu vy\u0161\u0161\u00ed moci, m\u00e1 bez dal\u0161\u00edho pr\u00e1vo od smlouvy odstoupit,<br> nedohodnou-li se strany jinak. Vy\u0161\u0161\u00ed moc\u00ed se rozum\u00ed zejm\u00e9na po\u0161kozen\u00ed hotelu a jeho za\u0159\u00edzen\u00ed<br> n\u00e1sledkem \u017eiveln\u00fdch pohrom, v p\u0159\u00edpad\u011b z\u00e1sahu vy\u0161\u0161\u00ed moci nen\u00ed objednavatel opr\u00e1vn\u011bn uplat\u0148ovat<br> v\u016f\u010di poskytovateli \u017e\u00e1dn\u00e9 sankce \u010di ekvivalentn\u00ed n\u00e1roky.<\/p>\n<p><strong>\u010cl\u00e1nek XI.<\/strong><br \/>\nDal\u0161\u00ed ujedn\u00e1n\u00ed<\/p>\n<p class=\" translation-block\">1. Smluvn\u00ed strany berou na v\u011bdom\u00ed, \u017ee odpov\u011bdnost poskytovatele, objednatele<br> i klient\u016f objednatele se \u0159\u00edd\u00ed pravidly dle ust. \u00a7 2894 a n\u00e1sl. z\u00e1kona \u010d. 89\/2012 Sb.,<br> ob\u010dansk\u00fd z\u00e1kon\u00edk. \u0160koda bude nahrazena v pen\u011bz\u00edch, nedohodnou-li se smluvn\u00ed strany<br> jinak. V p\u0159\u00edpad\u011b, \u017ee bude \u0161koda zp\u016fsobena klienty objednatele a klienti uplatn\u011bnou<br> \u0161kodu neuhrad\u00ed, zavazuje se objednatel tuto \u0161kodu uhradit stejn\u011b, jako by ji zp\u016fsobil<br> s\u00e1m.<\/p>\n<p class=\" translation-block\">2. Poskytovatel je opr\u00e1vn\u011bn p\u0159i p\u0159\u00edjezdu klient\u016f vy\u017eadovat garanci ve form\u011b<br> p\u0159edautorizace platebn\u00ed karty, p\u0159\u00edpadn\u011b z\u00e1lohy v hotovosti. Spole\u010dnost se zavazuje p\u0159i<br> odjezdu klient\u016f a po vypo\u0159\u00e1d\u00e1n\u00ed p\u0159\u00edpadn\u00fdch pohled\u00e1vek dle tohoto odstavce tuto<br> kauci, p\u0159\u00edpadn\u011b jej\u00ed \u010d\u00e1st, klient\u016fm vr\u00e1tit.<\/p>\n<p class=\" translation-block\">3. Shled\u00e1-li spole\u010dnost jedn\u00e1n\u00ed objednatele \u010di jeho klient\u016f za hrub\u00e9 poru\u0161en\u00ed<br> ubytovac\u00edho \u0159\u00e1du hotelu, m\u00e1 spole\u010dnost pr\u00e1vo, po projedn\u00e1n\u00ed cel\u00e9 v\u011bci<br> s objednatelem, ukon\u010dit ubytov\u00e1n\u00ed objednatele, p\u0159\u00edp. jeho klient\u016f, bez n\u00e1hrady, pop\u0159.<br> bez omezen\u00ed pr\u00e1va ubytov\u00e1n\u00ed na\u00fa\u010dtovat.<\/p>\n<p class=\" translation-block\">4. Objednatel v\u00fdslovn\u011b souhlas\u00ed s t\u00edm, \u017ee poskytovatel je opr\u00e1vn\u011bn v souladu s<br> p\u0159\u00edslu\u0161n\u00fdmi obecn\u011b platn\u00fdmi pr\u00e1vn\u00edmi p\u0159edpisy, zejm\u00e9na se z\u00e1konem \u010d. 101\/2000 Sb.,<br> o ochran\u011b osobn\u00edch \u00fadaj\u016f a zm\u011bn\u011b n\u011bkter\u00fdch z\u00e1kon\u016f, zpracovat a uchovat ve\u0161ker\u00e9<br> informace a \u00fadaje, kter\u00e9 mu pro \u00fa\u010dely zpracov\u00e1n\u00ed objedn\u00e1vky poskytl.<\/p>\n<p class=\" translation-block\">5. Host bere na v\u011bdom\u00ed, \u017ee pro ulo\u017een\u00ed cennost\u00ed (v max. hodnot\u011b 20000CZK.)<br> slou\u017e\u00ed bezpe\u010dnostn\u00ed schr\u00e1nka, um\u00edst\u011bn\u00e1 na pokoji nebo trezor na recepci (cennosti<br> v max.hodnot\u011b 20000.). Hotel nezodpov\u00edd\u00e1 za ztr\u00e1tu nebo po\u0161kozen\u00ed cennost\u00ed<br> ponechan\u00fdch voln\u011b na pokoji a v hotelu mimo trezor.<\/p>\n<p class=\" translation-block\">6. Ve v\u0161ech hotelov\u00fdch prostor\u00e1ch, mimo vymezen\u00fdch prostor k tomu ur\u010den\u00fdch,<br> je p\u0159\u00edsn\u00fd z\u00e1kaz kou\u0159en\u00ed. V p\u0159\u00edpad\u011b poru\u0161en\u00ed tohoto z\u00e1kazu m\u00e1 poskytovatel pr\u00e1vo<br> \u00fa\u010dtovat host\u016fm \u010d\u00e1stku ve v\u00fd\u0161i \u20ac200 za ohro\u017een\u00ed po\u017e\u00e1rn\u00ed bezpe\u010dnosti a hloubkov\u00e9<br> \u010di\u0161t\u011bn\u00ed prostor.<\/p>\n<p class=\" translation-block\">7. Osobn\u00ed v\u011bci, kter\u00e9 si host zapomene v hotelu, budou hostovi zasl\u00e1ny na dob\u00edrku<br> \u010ceskou po\u0161tou na jeho n\u00e1klady.<\/p>\n<p class=\" translation-block\">8. V\u0161echny \u010d\u00e1stky budou vytv\u00e1\u0159eny v CZK. Sm\u011bnn\u00fd kurz k ciz\u00edm m\u011bn\u00e1m se \u0159\u00edd\u00ed denn\u00edm<br> kurzem \u010cNB. V p\u0159\u00edpad\u011b platby ka\u017edou kartou se m\u016f\u017ee sm\u011bnn\u00fd kurz li\u0161it v z\u00e1vislosti na<br> kurzu pou\u017eit\u00e9m bankou, kter\u00e1 platebn\u00ed kartu vydala.<\/p>\n<p class=\" translation-block\">9. Hotel (provozovatel) je opr\u00e1vn\u011bn pou\u017e\u00edt blokovan\u00e9 finan\u010dn\u00ed prost\u0159edky k \u00fahrad\u011b v\u0161ech<br> neuhrazen\u00fdch \u010d\u00e1stek vznikl\u00fdch b\u011bhem pobytu i po odjezdu hosta (nap\u0159. n\u00e1poje z minibaru,<br> konzumaci v restauraci, kav\u00e1rn\u011b, poru\u0161en\u00ed z\u00e1kazu kou\u0159en\u00ed, \u010di jin\u00fdch obdobn\u00fdch p\u0159\u00edpadech).<\/p>\n<p class=\" translation-block\">10. Osobn\u00ed v\u011bci, kter\u00e9 si host zapomene v hostelu, budou hostovi zasl\u00e1ny \u010ceskou<br> po\u0161tou na jeho n\u00e1klady (na dob\u00edrku)<\/p>\n<p class=\" translation-block\">11. V\u0161echny \u010d\u00e1stky budou vytv\u00e1\u0159eny v CZK. Sm\u011bnn\u00fd kurz k ciz\u00edm m\u011bn\u00e1m se \u0159\u00edd\u00ed denn\u00edm<br> kurzem \u010cNB. V p\u0159\u00edpad\u011b platby ka\u017edou kartou se m\u016f\u017ee sm\u011bnn\u00fd kurz li\u0161it v z\u00e1vislosti na<br> kurzu pou\u017eit\u00e9m bankou, kter\u00e1 platebn\u00ed kartu vydala.<\/p>\n<p class=\" translation-block\">12. V p\u0159\u00edpad\u011b, \u017ee host plat\u00ed ubytov\u00e1n\u00ed v hotovosti, tak je povinen uhradit p\u0159i check-in<br> garanci ve v\u00fd\u0161i 100% ubytov\u00e1n\u00ed.<\/p>\n<p><strong>\u010cl\u00e1nek XII.<\/strong><br \/>\nZ\u00e1v\u011bre\u010dn\u00e9 ustanoven\u00ed<\/p>\n<p>1. VOP nab\u00fdvaj\u00ed platnosti a \u00fa\u010dinnosti dne 1.4.2021<\/p>\n<h3>Poskytovatel platebn\u00ed br\u00e1ny<\/h3>\n<p>ComGate Payments, a.s.<br \/>\nGo\u010d\u00e1rova t\u0159\u00edda 1754 \/ 48b, Hradec Kr\u00e1lov\u00e9<br \/>\nE-mail: platby-podpora@comgate.cz<br \/>\nTel: +420 228 224 267<br \/>\nhttps:\/\/www.comgate.cz\/cz\/platebni-brana<\/p>\n<p id=\"platebn\u00ed-metody\"><a href=\"https:\/\/help.comgate.cz\/docs\/co-je-platebni-brana\" target=\"_blank\" rel=\"noopener\">Platebn\u00ed metody<\/a><\/p>\n<p><a href=\"https:\/\/help.comgate.cz\/v1\/docs\/cs\/platby-kartou\">Platby kartou<\/a>\u00a0&#8211; p\u0159ij\u00edm\u00e1me platebn\u00ed karty VISA, VISA Electron, MasterCard, Maestro, Diners Club, Apple Pay.<\/p>\n<p><a href=\"https:\/\/help.comgate.cz\/v1\/docs\/cs\/bankovni-prevody\">Bankovn\u00ed p\u0159evody<\/a> &#8211; na platebn\u00ed br\u00e1n\u011b poskytujeme zna\u010dky v\u0161ech v\u00fdznamn\u00fdch bank v \u010cesku, na Slovensku a v Polsku, celkem kolem 50 bankovn\u00edch dom\u016f.<\/p>\n<p><a href=\"https:\/\/help.comgate.cz\/v1\/docs\/cs\/odlozena-platba\">Odlo\u017een\u00e1 platba<\/a>\u00a0&#8211; z\u00e1kazn\u00edk e-shopu m\u00e1 mo\u017enost nakoupit ihned, zaplatit pozd\u011bji. Odlo\u017een\u00ed platby a\u017e o 30 dn\u016f je bez\u00faro\u010dn\u00e9. E-shop z\u00edsk\u00e1 prost\u0159edky ihned po n\u00e1kupu.<\/p>\n<p><a href=\"https:\/\/help.comgate.cz\/v1\/docs\/cs\/apple-pay\">Apple Pay<\/a>\u00a0&#8211; na platebn\u00ed br\u00e1n\u011b je mo\u017en\u00e9 zaplatit pomoc\u00ed Apple Pay. Slu\u017eba se zobrazuje u\u017eivatel\u016fm Apple za\u0159\u00edzen\u00ed s prohl\u00ed\u017ee\u010dem Safari.<\/p>","protected":false},"excerpt":{"rendered":"<p>NanaGroup s.r.o. Plze\u0148sk\u00e1 577\/25 150 00, Praha 5 \u2013 Sm\u00edchov I\u010c: 09828401, DI\u010c: CZ09828401 V\u0160EOBECN\u00c9 OBCHODN\u00cd PODM\u00cdNKY V\u0161eobecn\u00e9 smluvn\u00ed podm\u00ednky (d\u00e1le jen VOP) upravuj\u00ed vz\u00e1jemn\u00fd smluvn\u00ed vztah mezi Hotelem Libero***, kter\u00fd je provozov\u00e1n spole\u010dnost\u00ed Nana Group s.r.o. (d\u00e1le jen poskytovatel nebo spole\u010dnost) a klientem &#8211; fyzickou nebo pr\u00e1vnickou osobou, kter\u00e1 ubytov\u00e1n\u00ed v Hotelu jako objednatel [&hellip;]<\/p>","protected":false},"author":10,"featured_media":0,"parent":0,"menu_order":0,"comment_status":"closed","ping_status":"closed","template":"","meta":{"footnotes":""},"aioseo_notices":[],"_links":{"self":[{"href":"https:\/\/hotellibero.cz\/uk\/wp-json\/wp\/v2\/pages\/728"}],"collection":[{"href":"https:\/\/hotellibero.cz\/uk\/wp-json\/wp\/v2\/pages"}],"about":[{"href":"https:\/\/hotellibero.cz\/uk\/wp-json\/wp\/v2\/types\/page"}],"author":[{"embeddable":true,"href":"https:\/\/hotellibero.cz\/uk\/wp-json\/wp\/v2\/users\/10"}],"replies":[{"embeddable":true,"href":"https:\/\/hotellibero.cz\/uk\/wp-json\/wp\/v2\/comments?post=728"}],"version-history":[{"count":18,"href":"https:\/\/hotellibero.cz\/uk\/wp-json\/wp\/v2\/pages\/728\/revisions"}],"predecessor-version":[{"id":846,"href":"https:\/\/hotellibero.cz\/uk\/wp-json\/wp\/v2\/pages\/728\/revisions\/846"}],"wp:attachment":[{"href":"https:\/\/hotellibero.cz\/uk\/wp-json\/wp\/v2\/media?parent=728"}],"curies":[{"name":"wp","href":"https:\/\/api.w.org\/{rel}","templated":true}]}}